{"id":250,"date":"2016-11-18T11:59:33","date_gmt":"2016-11-18T11:59:33","guid":{"rendered":"https:\/\/raratheme.com\/preview\/spa-and-salon-pro\/?page_id=250"},"modified":"2025-04-17T22:07:12","modified_gmt":"2025-04-17T22:07:12","slug":"plan","status":"publish","type":"page","link":"https:\/\/ban-thaimassage-stuttgart.de\/index.php\/plan\/","title":{"rendered":"Preise"},"content":{"rendered":"<p class=\"\" data-start=\"170\" data-end=\"228\"><strong data-start=\"170\" data-end=\"228\">Exklusive Wohlf\u00fchlmomente \u2013 Luxus f\u00fcr K\u00f6rper und Seele<\/strong><\/p>\n<p class=\"\" data-start=\"230\" data-end=\"446\">Tauchen Sie ein in eine Welt der Entspannung und lassen Sie sich von Kopf bis Fu\u00df verw\u00f6hnen. In stilvoller Atmosph\u00e4re erleben Sie bei uns eine ganzheitliche Behandlung, die K\u00f6rper, Geist und Sinne in Einklang bringt.<\/p>\n<p class=\"\" data-start=\"448\" data-end=\"706\">Genie\u00dfen Sie unsere erlesenen Massage-Angebote \u2013 von traditioneller thail\u00e4ndischer Massage \u00fcber aromatische \u00d6l-Massagen bis hin zu intensiven R\u00fccken-, Schulter- und Fu\u00dfreflexzonenmassagen. Jede Anwendung ist ein Ritual der Regeneration und Tiefenentspannung.<\/p>\n<p class=\"\" data-start=\"708\" data-end=\"882\">Verleihen Sie Ihrer nat\u00fcrlichen Sch\u00f6nheit zus\u00e4tzlichen Glanz mit unseren exklusiven Gesichtsbehandlungen \u2013 auf Wunsch auch als harmonische Erg\u00e4nzung zu Ihrer Massage buchbar.<\/p>\n<p class=\"\" data-start=\"884\" data-end=\"1086\">F\u00fcr ein perfektes Finish bieten wir Ihnen stilvolle Beauty-Highlights wie hochwertige Wimpernverl\u00e4ngerungen sowie professionelles Lash- und Browlifting \u2013 f\u00fcr einen rundum gepflegten, eleganten Auftritt.<\/p>\n<p>&nbsp;<\/p>\n","protected":false},"excerpt":{"rendered":"<p>Exklusive Wohlf\u00fchlmomente \u2013 Luxus f\u00fcr K\u00f6rper und Seele Tauchen Sie ein in eine Welt der Entspannung und lassen Sie sich von Kopf bis Fu\u00df verw\u00f6hnen. In stilvoller Atmosph\u00e4re erleben Sie bei uns eine ganzheitliche Behandlung, die K\u00f6rper, Geist und Sinne in Einklang bringt. Genie\u00dfen Sie unsere erlesenen Massage-Angebote \u2013 von traditioneller thail\u00e4ndischer Massage \u00fcber aromatische &hellip; <\/p>\n","protected":false},"author":1,"featured_media":0,"parent":0,"menu_order":14,"comment_status":"closed","ping_status":"closed","template":"template-plans.php","meta":{"footnotes":""},"class_list":["post-250","page","type-page","status-publish","hentry","latest_post","no_image"],"yoast_head":"<!-- This site is optimized with the Yoast SEO plugin v27.5 - https:\/\/yoast.com\/product\/yoast-seo-wordpress\/ -->\n<title>Preise - Ban Thai - Massage Stuttgart<\/title>\n<meta name=\"robots\" content=\"index, follow, max-snippet:-1, max-image-preview:large, max-video-preview:-1\" \/>\n<link rel=\"canonical\" href=\"https:\/\/ban-thaimassage-stuttgart.de\/index.php\/plan\/\" \/>\n<meta property=\"og:locale\" content=\"de_DE\" \/>\n<meta property=\"og:type\" content=\"article\" \/>\n<meta property=\"og:title\" content=\"Preise - Ban Thai - Massage Stuttgart\" \/>\n<meta property=\"og:description\" content=\"Exklusive Wohlf\u00fchlmomente \u2013 Luxus f\u00fcr K\u00f6rper und Seele Tauchen Sie ein in eine Welt der Entspannung und lassen Sie sich von Kopf bis Fu\u00df verw\u00f6hnen. In stilvoller Atmosph\u00e4re erleben Sie bei uns eine ganzheitliche Behandlung, die K\u00f6rper, Geist und Sinne in Einklang bringt. Genie\u00dfen Sie unsere erlesenen Massage-Angebote \u2013 von traditioneller thail\u00e4ndischer Massage \u00fcber aromatische &hellip;\" \/>\n<meta property=\"og:url\" content=\"https:\/\/ban-thaimassage-stuttgart.de\/index.php\/plan\/\" \/>\n<meta property=\"og:site_name\" content=\"Ban Thai - Massage Stuttgart\" \/>\n<meta property=\"article:modified_time\" content=\"2025-04-17T22:07:12+00:00\" \/>\n<meta name=\"twitter:card\" content=\"summary_large_image\" \/>\n<meta name=\"twitter:label1\" content=\"Gesch\u00e4tzte Lesezeit\" \/>\n\t<meta name=\"twitter:data1\" content=\"1\u00a0Minute\" \/>\n<script type=\"application\/ld+json\" class=\"yoast-schema-graph\">{\"@context\":\"https:\\\/\\\/schema.org\",\"@graph\":[{\"@type\":\"WebPage\",\"@id\":\"https:\\\/\\\/ban-thaimassage-stuttgart.de\\\/index.php\\\/plan\\\/\",\"url\":\"https:\\\/\\\/ban-thaimassage-stuttgart.de\\\/index.php\\\/plan\\\/\",\"name\":\"Preise - Ban Thai - Massage Stuttgart\",\"isPartOf\":{\"@id\":\"https:\\\/\\\/ban-thaimassage-stuttgart.de\\\/#website\"},\"datePublished\":\"2016-11-18T11:59:33+00:00\",\"dateModified\":\"2025-04-17T22:07:12+00:00\",\"breadcrumb\":{\"@id\":\"https:\\\/\\\/ban-thaimassage-stuttgart.de\\\/index.php\\\/plan\\\/#breadcrumb\"},\"inLanguage\":\"de\",\"potentialAction\":[{\"@type\":\"ReadAction\",\"target\":[\"https:\\\/\\\/ban-thaimassage-stuttgart.de\\\/index.php\\\/plan\\\/\"]}]},{\"@type\":\"BreadcrumbList\",\"@id\":\"https:\\\/\\\/ban-thaimassage-stuttgart.de\\\/index.php\\\/plan\\\/#breadcrumb\",\"itemListElement\":[{\"@type\":\"ListItem\",\"position\":1,\"name\":\"Startseite\",\"item\":\"https:\\\/\\\/ban-thaimassage-stuttgart.de\\\/\"},{\"@type\":\"ListItem\",\"position\":2,\"name\":\"Preise\"}]},{\"@type\":\"WebSite\",\"@id\":\"https:\\\/\\\/ban-thaimassage-stuttgart.de\\\/#website\",\"url\":\"https:\\\/\\\/ban-thaimassage-stuttgart.de\\\/\",\"name\":\"Ban Thai - Massage Stuttgart\",\"description\":\"\",\"publisher\":{\"@id\":\"https:\\\/\\\/ban-thaimassage-stuttgart.de\\\/#organization\"},\"potentialAction\":[{\"@type\":\"SearchAction\",\"target\":{\"@type\":\"EntryPoint\",\"urlTemplate\":\"https:\\\/\\\/ban-thaimassage-stuttgart.de\\\/?s={search_term_string}\"},\"query-input\":{\"@type\":\"PropertyValueSpecification\",\"valueRequired\":true,\"valueName\":\"search_term_string\"}}],\"inLanguage\":\"de\"},{\"@type\":\"Organization\",\"@id\":\"https:\\\/\\\/ban-thaimassage-stuttgart.de\\\/#organization\",\"name\":\"Ban Thai - Massage Stuttgart\",\"url\":\"https:\\\/\\\/ban-thaimassage-stuttgart.de\\\/\",\"logo\":{\"@type\":\"ImageObject\",\"inLanguage\":\"de\",\"@id\":\"https:\\\/\\\/ban-thaimassage-stuttgart.de\\\/#\\\/schema\\\/logo\\\/image\\\/\",\"url\":\"https:\\\/\\\/ban-thaimassage-stuttgart.de\\\/wp-content\\\/uploads\\\/2025\\\/04\\\/cropped-Ban-Thai-Logo.png\",\"contentUrl\":\"https:\\\/\\\/ban-thaimassage-stuttgart.de\\\/wp-content\\\/uploads\\\/2025\\\/04\\\/cropped-Ban-Thai-Logo.png\",\"width\":1272,\"height\":626,\"caption\":\"Ban Thai - Massage Stuttgart\"},\"image\":{\"@id\":\"https:\\\/\\\/ban-thaimassage-stuttgart.de\\\/#\\\/schema\\\/logo\\\/image\\\/\"}}]}<\/script>\n<!-- \/ Yoast SEO plugin. -->","yoast_head_json":{"title":"Preise - Ban Thai - Massage Stuttgart","robots":{"index":"index","follow":"follow","max-snippet":"max-snippet:-1","max-image-preview":"max-image-preview:large","max-video-preview":"max-video-preview:-1"},"canonical":"https:\/\/ban-thaimassage-stuttgart.de\/index.php\/plan\/","og_locale":"de_DE","og_type":"article","og_title":"Preise - Ban Thai - Massage Stuttgart","og_description":"Exklusive Wohlf\u00fchlmomente \u2013 Luxus f\u00fcr K\u00f6rper und Seele Tauchen Sie ein in eine Welt der Entspannung und lassen Sie sich von Kopf bis Fu\u00df verw\u00f6hnen. In stilvoller Atmosph\u00e4re erleben Sie bei uns eine ganzheitliche Behandlung, die K\u00f6rper, Geist und Sinne in Einklang bringt. Genie\u00dfen Sie unsere erlesenen Massage-Angebote \u2013 von traditioneller thail\u00e4ndischer Massage \u00fcber aromatische &hellip;","og_url":"https:\/\/ban-thaimassage-stuttgart.de\/index.php\/plan\/","og_site_name":"Ban Thai - Massage Stuttgart","article_modified_time":"2025-04-17T22:07:12+00:00","twitter_card":"summary_large_image","twitter_misc":{"Gesch\u00e4tzte Lesezeit":"1\u00a0Minute"},"schema":{"@context":"https:\/\/schema.org","@graph":[{"@type":"WebPage","@id":"https:\/\/ban-thaimassage-stuttgart.de\/index.php\/plan\/","url":"https:\/\/ban-thaimassage-stuttgart.de\/index.php\/plan\/","name":"Preise - Ban Thai - Massage Stuttgart","isPartOf":{"@id":"https:\/\/ban-thaimassage-stuttgart.de\/#website"},"datePublished":"2016-11-18T11:59:33+00:00","dateModified":"2025-04-17T22:07:12+00:00","breadcrumb":{"@id":"https:\/\/ban-thaimassage-stuttgart.de\/index.php\/plan\/#breadcrumb"},"inLanguage":"de","potentialAction":[{"@type":"ReadAction","target":["https:\/\/ban-thaimassage-stuttgart.de\/index.php\/plan\/"]}]},{"@type":"BreadcrumbList","@id":"https:\/\/ban-thaimassage-stuttgart.de\/index.php\/plan\/#breadcrumb","itemListElement":[{"@type":"ListItem","position":1,"name":"Startseite","item":"https:\/\/ban-thaimassage-stuttgart.de\/"},{"@type":"ListItem","position":2,"name":"Preise"}]},{"@type":"WebSite","@id":"https:\/\/ban-thaimassage-stuttgart.de\/#website","url":"https:\/\/ban-thaimassage-stuttgart.de\/","name":"Ban Thai - Massage Stuttgart","description":"","publisher":{"@id":"https:\/\/ban-thaimassage-stuttgart.de\/#organization"},"potentialAction":[{"@type":"SearchAction","target":{"@type":"EntryPoint","urlTemplate":"https:\/\/ban-thaimassage-stuttgart.de\/?s={search_term_string}"},"query-input":{"@type":"PropertyValueSpecification","valueRequired":true,"valueName":"search_term_string"}}],"inLanguage":"de"},{"@type":"Organization","@id":"https:\/\/ban-thaimassage-stuttgart.de\/#organization","name":"Ban Thai - Massage Stuttgart","url":"https:\/\/ban-thaimassage-stuttgart.de\/","logo":{"@type":"ImageObject","inLanguage":"de","@id":"https:\/\/ban-thaimassage-stuttgart.de\/#\/schema\/logo\/image\/","url":"https:\/\/ban-thaimassage-stuttgart.de\/wp-content\/uploads\/2025\/04\/cropped-Ban-Thai-Logo.png","contentUrl":"https:\/\/ban-thaimassage-stuttgart.de\/wp-content\/uploads\/2025\/04\/cropped-Ban-Thai-Logo.png","width":1272,"height":626,"caption":"Ban Thai - Massage Stuttgart"},"image":{"@id":"https:\/\/ban-thaimassage-stuttgart.de\/#\/schema\/logo\/image\/"}}]}},"_links":{"self":[{"href":"https:\/\/ban-thaimassage-stuttgart.de\/index.php\/wp-json\/wp\/v2\/pages\/250","targetHints":{"allow":["GET"]}}],"collection":[{"href":"https:\/\/ban-thaimassage-stuttgart.de\/index.php\/wp-json\/wp\/v2\/pages"}],"about":[{"href":"https:\/\/ban-thaimassage-stuttgart.de\/index.php\/wp-json\/wp\/v2\/types\/page"}],"author":[{"embeddable":true,"href":"https:\/\/ban-thaimassage-stuttgart.de\/index.php\/wp-json\/wp\/v2\/users\/1"}],"replies":[{"embeddable":true,"href":"https:\/\/ban-thaimassage-stuttgart.de\/index.php\/wp-json\/wp\/v2\/comments?post=250"}],"version-history":[{"count":3,"href":"https:\/\/ban-thaimassage-stuttgart.de\/index.php\/wp-json\/wp\/v2\/pages\/250\/revisions"}],"predecessor-version":[{"id":919,"href":"https:\/\/ban-thaimassage-stuttgart.de\/index.php\/wp-json\/wp\/v2\/pages\/250\/revisions\/919"}],"wp:attachment":[{"href":"https:\/\/ban-thaimassage-stuttgart.de\/index.php\/wp-json\/wp\/v2\/media?parent=250"}],"curies":[{"name":"wp","href":"https:\/\/api.w.org\/{rel}","templated":true}]}}