{"id":215,"date":"2016-11-18T10:04:27","date_gmt":"2016-11-18T10:04:27","guid":{"rendered":"https:\/\/raratheme.com\/preview\/spa-and-salon-pro\/?page_id=215"},"modified":"2025-04-18T09:17:10","modified_gmt":"2025-04-18T09:17:10","slug":"services","status":"publish","type":"page","link":"https:\/\/ban-thaimassage-stuttgart.de\/index.php\/services\/","title":{"rendered":"House of Massage | Cosmetics | Beauty"},"content":{"rendered":"\n<div class=\"wp-block-group\"><div class=\"wp-block-group__inner-container is-layout-constrained wp-block-group-is-layout-constrained\">\n<header class=\"heading\">Entfliehen Sie dem Alltag \u2013 und finden Sie zur\u00fcck zu Ihrem inneren Gleichgewicht\n\nG\u00f6nnen Sie sich eine Auszeit und lassen Sie den Stress hinter sich. In unseren exklusiven R\u00e4umen erwartet Sie eine Atmosph\u00e4re der Ruhe und Entspannung. Unsere traditionellen Massagen f\u00f6rdern nicht nur die k\u00f6rperliche Erholung, sondern auch Ihr ganzheitliches Wohlbefinden.\n\nZus\u00e4tzlich bieten wir Ihnen hochwertige Gesichtsbehandlungen f\u00fcr eine strahlende Haut sowie Wimpernverl\u00e4ngerungen, die Ihren Augen einen bezaubernden Ausdruck verleihen.\n\nGenie\u00dfen Sie Ihre Auszeit allein, zu zweit als Partner-Massage oder in geselliger Runde bei einer Party-Massage \u2013 ganz nach Ihren W\u00fcnschen.\n\nWichtig: Unsere Thai-Massagen sind keine Erotik-Massagen \u2013 wir stehen f\u00fcr Authentizit\u00e4t, Respekt und professionelle Anwendungen.\n\nRufen Sie uns an und vereinbaren Sie noch heute Ihren pers\u00f6nlichen Termin.\nWir freuen uns auf Sie!!.&nbsp;<\/header>\n<\/div><\/div>\n","protected":false},"excerpt":{"rendered":"<p>Entfliehen Sie dem Alltag \u2013 und finden Sie zur\u00fcck zu Ihrem inneren Gleichgewicht G\u00f6nnen Sie sich eine Auszeit und lassen Sie den Stress hinter sich. In unseren exklusiven R\u00e4umen erwartet Sie eine Atmosph\u00e4re der Ruhe und Entspannung. Unsere traditionellen Massagen f\u00f6rdern nicht nur die k\u00f6rperliche Erholung, sondern auch Ihr ganzheitliches Wohlbefinden. Zus\u00e4tzlich bieten wir Ihnen &hellip; <\/p>\n","protected":false},"author":1,"featured_media":0,"parent":0,"menu_order":8,"comment_status":"closed","ping_status":"closed","template":"template-services.php","meta":{"footnotes":""},"class_list":["post-215","page","type-page","status-publish","hentry","latest_post","no_image"],"yoast_head":"<!-- This site is optimized with the Yoast SEO plugin v27.4 - https:\/\/yoast.com\/product\/yoast-seo-wordpress\/ -->\n<title>House of Massage | Cosmetics | Beauty - Ban Thai - Massage Stuttgart<\/title>\n<meta name=\"robots\" content=\"index, follow, max-snippet:-1, max-image-preview:large, max-video-preview:-1\" \/>\n<link rel=\"canonical\" href=\"https:\/\/ban-thaimassage-stuttgart.de\/index.php\/services\/\" \/>\n<meta property=\"og:locale\" content=\"de_DE\" \/>\n<meta property=\"og:type\" content=\"article\" \/>\n<meta property=\"og:title\" content=\"House of Massage | Cosmetics | Beauty - Ban Thai - Massage Stuttgart\" \/>\n<meta property=\"og:description\" content=\"Entfliehen Sie dem Alltag \u2013 und finden Sie zur\u00fcck zu Ihrem inneren Gleichgewicht G\u00f6nnen Sie sich eine Auszeit und lassen Sie den Stress hinter sich. In unseren exklusiven R\u00e4umen erwartet Sie eine Atmosph\u00e4re der Ruhe und Entspannung. Unsere traditionellen Massagen f\u00f6rdern nicht nur die k\u00f6rperliche Erholung, sondern auch Ihr ganzheitliches Wohlbefinden. Zus\u00e4tzlich bieten wir Ihnen &hellip;\" \/>\n<meta property=\"og:url\" content=\"https:\/\/ban-thaimassage-stuttgart.de\/index.php\/services\/\" \/>\n<meta property=\"og:site_name\" content=\"Ban Thai - Massage Stuttgart\" \/>\n<meta property=\"article:modified_time\" content=\"2025-04-18T09:17:10+00:00\" \/>\n<meta name=\"twitter:card\" content=\"summary_large_image\" \/>\n<meta name=\"twitter:label1\" content=\"Gesch\u00e4tzte Lesezeit\" \/>\n\t<meta name=\"twitter:data1\" content=\"1\u00a0Minute\" \/>\n<script type=\"application\/ld+json\" class=\"yoast-schema-graph\">{\"@context\":\"https:\\\/\\\/schema.org\",\"@graph\":[{\"@type\":\"WebPage\",\"@id\":\"https:\\\/\\\/ban-thaimassage-stuttgart.de\\\/index.php\\\/services\\\/\",\"url\":\"https:\\\/\\\/ban-thaimassage-stuttgart.de\\\/index.php\\\/services\\\/\",\"name\":\"House of Massage | Cosmetics | Beauty - Ban Thai - Massage Stuttgart\",\"isPartOf\":{\"@id\":\"https:\\\/\\\/ban-thaimassage-stuttgart.de\\\/#website\"},\"datePublished\":\"2016-11-18T10:04:27+00:00\",\"dateModified\":\"2025-04-18T09:17:10+00:00\",\"breadcrumb\":{\"@id\":\"https:\\\/\\\/ban-thaimassage-stuttgart.de\\\/index.php\\\/services\\\/#breadcrumb\"},\"inLanguage\":\"de\",\"potentialAction\":[{\"@type\":\"ReadAction\",\"target\":[\"https:\\\/\\\/ban-thaimassage-stuttgart.de\\\/index.php\\\/services\\\/\"]}]},{\"@type\":\"BreadcrumbList\",\"@id\":\"https:\\\/\\\/ban-thaimassage-stuttgart.de\\\/index.php\\\/services\\\/#breadcrumb\",\"itemListElement\":[{\"@type\":\"ListItem\",\"position\":1,\"name\":\"Startseite\",\"item\":\"https:\\\/\\\/ban-thaimassage-stuttgart.de\\\/\"},{\"@type\":\"ListItem\",\"position\":2,\"name\":\"House of Massage | Cosmetics | Beauty\"}]},{\"@type\":\"WebSite\",\"@id\":\"https:\\\/\\\/ban-thaimassage-stuttgart.de\\\/#website\",\"url\":\"https:\\\/\\\/ban-thaimassage-stuttgart.de\\\/\",\"name\":\"Ban Thai - Massage Stuttgart\",\"description\":\"\",\"publisher\":{\"@id\":\"https:\\\/\\\/ban-thaimassage-stuttgart.de\\\/#organization\"},\"potentialAction\":[{\"@type\":\"SearchAction\",\"target\":{\"@type\":\"EntryPoint\",\"urlTemplate\":\"https:\\\/\\\/ban-thaimassage-stuttgart.de\\\/?s={search_term_string}\"},\"query-input\":{\"@type\":\"PropertyValueSpecification\",\"valueRequired\":true,\"valueName\":\"search_term_string\"}}],\"inLanguage\":\"de\"},{\"@type\":\"Organization\",\"@id\":\"https:\\\/\\\/ban-thaimassage-stuttgart.de\\\/#organization\",\"name\":\"Ban Thai - Massage Stuttgart\",\"url\":\"https:\\\/\\\/ban-thaimassage-stuttgart.de\\\/\",\"logo\":{\"@type\":\"ImageObject\",\"inLanguage\":\"de\",\"@id\":\"https:\\\/\\\/ban-thaimassage-stuttgart.de\\\/#\\\/schema\\\/logo\\\/image\\\/\",\"url\":\"https:\\\/\\\/ban-thaimassage-stuttgart.de\\\/wp-content\\\/uploads\\\/2025\\\/04\\\/cropped-Ban-Thai-Logo.png\",\"contentUrl\":\"https:\\\/\\\/ban-thaimassage-stuttgart.de\\\/wp-content\\\/uploads\\\/2025\\\/04\\\/cropped-Ban-Thai-Logo.png\",\"width\":1272,\"height\":626,\"caption\":\"Ban Thai - Massage Stuttgart\"},\"image\":{\"@id\":\"https:\\\/\\\/ban-thaimassage-stuttgart.de\\\/#\\\/schema\\\/logo\\\/image\\\/\"}}]}<\/script>\n<!-- \/ Yoast SEO plugin. -->","yoast_head_json":{"title":"House of Massage | Cosmetics | Beauty - Ban Thai - Massage Stuttgart","robots":{"index":"index","follow":"follow","max-snippet":"max-snippet:-1","max-image-preview":"max-image-preview:large","max-video-preview":"max-video-preview:-1"},"canonical":"https:\/\/ban-thaimassage-stuttgart.de\/index.php\/services\/","og_locale":"de_DE","og_type":"article","og_title":"House of Massage | Cosmetics | Beauty - Ban Thai - Massage Stuttgart","og_description":"Entfliehen Sie dem Alltag \u2013 und finden Sie zur\u00fcck zu Ihrem inneren Gleichgewicht G\u00f6nnen Sie sich eine Auszeit und lassen Sie den Stress hinter sich. In unseren exklusiven R\u00e4umen erwartet Sie eine Atmosph\u00e4re der Ruhe und Entspannung. Unsere traditionellen Massagen f\u00f6rdern nicht nur die k\u00f6rperliche Erholung, sondern auch Ihr ganzheitliches Wohlbefinden. Zus\u00e4tzlich bieten wir Ihnen &hellip;","og_url":"https:\/\/ban-thaimassage-stuttgart.de\/index.php\/services\/","og_site_name":"Ban Thai - Massage Stuttgart","article_modified_time":"2025-04-18T09:17:10+00:00","twitter_card":"summary_large_image","twitter_misc":{"Gesch\u00e4tzte Lesezeit":"1\u00a0Minute"},"schema":{"@context":"https:\/\/schema.org","@graph":[{"@type":"WebPage","@id":"https:\/\/ban-thaimassage-stuttgart.de\/index.php\/services\/","url":"https:\/\/ban-thaimassage-stuttgart.de\/index.php\/services\/","name":"House of Massage | Cosmetics | Beauty - Ban Thai - Massage Stuttgart","isPartOf":{"@id":"https:\/\/ban-thaimassage-stuttgart.de\/#website"},"datePublished":"2016-11-18T10:04:27+00:00","dateModified":"2025-04-18T09:17:10+00:00","breadcrumb":{"@id":"https:\/\/ban-thaimassage-stuttgart.de\/index.php\/services\/#breadcrumb"},"inLanguage":"de","potentialAction":[{"@type":"ReadAction","target":["https:\/\/ban-thaimassage-stuttgart.de\/index.php\/services\/"]}]},{"@type":"BreadcrumbList","@id":"https:\/\/ban-thaimassage-stuttgart.de\/index.php\/services\/#breadcrumb","itemListElement":[{"@type":"ListItem","position":1,"name":"Startseite","item":"https:\/\/ban-thaimassage-stuttgart.de\/"},{"@type":"ListItem","position":2,"name":"House of Massage | Cosmetics | Beauty"}]},{"@type":"WebSite","@id":"https:\/\/ban-thaimassage-stuttgart.de\/#website","url":"https:\/\/ban-thaimassage-stuttgart.de\/","name":"Ban Thai - Massage Stuttgart","description":"","publisher":{"@id":"https:\/\/ban-thaimassage-stuttgart.de\/#organization"},"potentialAction":[{"@type":"SearchAction","target":{"@type":"EntryPoint","urlTemplate":"https:\/\/ban-thaimassage-stuttgart.de\/?s={search_term_string}"},"query-input":{"@type":"PropertyValueSpecification","valueRequired":true,"valueName":"search_term_string"}}],"inLanguage":"de"},{"@type":"Organization","@id":"https:\/\/ban-thaimassage-stuttgart.de\/#organization","name":"Ban Thai - Massage Stuttgart","url":"https:\/\/ban-thaimassage-stuttgart.de\/","logo":{"@type":"ImageObject","inLanguage":"de","@id":"https:\/\/ban-thaimassage-stuttgart.de\/#\/schema\/logo\/image\/","url":"https:\/\/ban-thaimassage-stuttgart.de\/wp-content\/uploads\/2025\/04\/cropped-Ban-Thai-Logo.png","contentUrl":"https:\/\/ban-thaimassage-stuttgart.de\/wp-content\/uploads\/2025\/04\/cropped-Ban-Thai-Logo.png","width":1272,"height":626,"caption":"Ban Thai - Massage Stuttgart"},"image":{"@id":"https:\/\/ban-thaimassage-stuttgart.de\/#\/schema\/logo\/image\/"}}]}},"_links":{"self":[{"href":"https:\/\/ban-thaimassage-stuttgart.de\/index.php\/wp-json\/wp\/v2\/pages\/215","targetHints":{"allow":["GET"]}}],"collection":[{"href":"https:\/\/ban-thaimassage-stuttgart.de\/index.php\/wp-json\/wp\/v2\/pages"}],"about":[{"href":"https:\/\/ban-thaimassage-stuttgart.de\/index.php\/wp-json\/wp\/v2\/types\/page"}],"author":[{"embeddable":true,"href":"https:\/\/ban-thaimassage-stuttgart.de\/index.php\/wp-json\/wp\/v2\/users\/1"}],"replies":[{"embeddable":true,"href":"https:\/\/ban-thaimassage-stuttgart.de\/index.php\/wp-json\/wp\/v2\/comments?post=215"}],"version-history":[{"count":4,"href":"https:\/\/ban-thaimassage-stuttgart.de\/index.php\/wp-json\/wp\/v2\/pages\/215\/revisions"}],"predecessor-version":[{"id":925,"href":"https:\/\/ban-thaimassage-stuttgart.de\/index.php\/wp-json\/wp\/v2\/pages\/215\/revisions\/925"}],"wp:attachment":[{"href":"https:\/\/ban-thaimassage-stuttgart.de\/index.php\/wp-json\/wp\/v2\/media?parent=215"}],"curies":[{"name":"wp","href":"https:\/\/api.w.org\/{rel}","templated":true}]}}